{"id":101,"date":"2017-06-30T19:56:29","date_gmt":"2017-06-30T18:56:29","guid":{"rendered":"https:\/\/camillegodardphotographie.wordpress.com\/?page_id=52"},"modified":"2022-07-25T11:50:13","modified_gmt":"2022-07-25T09:50:13","slug":"a-propos","status":"publish","type":"page","link":"https:\/\/camillegodard.com\/index.php\/a-propos\/","title":{"rendered":"A propos"},"content":{"rendered":"\t\t<div data-elementor-type=\"wp-page\" data-elementor-id=\"101\" class=\"elementor elementor-101\" data-elementor-settings=\"[]\">\n\t\t\t<div class=\"elementor-inner\">\n\t\t\t\t<div class=\"elementor-section-wrap\">\n\t\t\t\t\t\t\t<section class=\"elementor-element elementor-element-25a39139 elementor-section-boxed elementor-section-height-default elementor-section-height-default elementor-section elementor-top-section\" data-id=\"25a39139\" data-element_type=\"section\">\n\t\t\t\t\t\t<div class=\"elementor-container elementor-column-gap-default\">\n\t\t\t\t<div class=\"elementor-row\">\n\t\t\t\t<div class=\"elementor-element elementor-element-64a78e73 elementor-invisible elementor-column elementor-col-100 elementor-top-column\" data-id=\"64a78e73\" data-element_type=\"column\" data-settings=\"{&quot;animation&quot;:&quot;fadeInDown&quot;}\">\n\t\t\t<div class=\"elementor-column-wrap  elementor-element-populated\">\n\t\t\t\t\t<div class=\"elementor-widget-wrap\">\n\t\t\t\t<div class=\"elementor-element elementor-element-58012527 elementor-widget elementor-widget-text-editor\" data-id=\"58012527\" data-element_type=\"widget\" data-widget_type=\"text-editor.default\">\n\t\t\t\t<div class=\"elementor-widget-container\">\n\t\t\t\t\t<div class=\"elementor-text-editor elementor-clearfix\"><p style=\"text-align: center;\"><img loading=\"lazy\" class=\"wp-image-172\" style=\"font-size: 16px; font-weight: 400;\" src=\"https:\/\/camillegodardphotographie.files.wordpress.com\/2018\/06\/moi.jpg\" alt=\"MOI\" width=\"272\" height=\"408\" \/><\/p><p style=\"text-align: center;\">\u00a0<\/p><p>\u00a0<\/p><p>\u00a0<\/p><p>\u00a0<\/p><p><span style=\"background-color: transparent; font-size: 17px; letter-spacing: -0.6px;\">Photographe, dipl\u00f4m\u00e9e de\u00a0 BTS Photographie en 2016 au lyc\u00e9e Saint Vincent de Paul au Havre, ayant poursuivie avec une Licence d&rsquo;arts plastiques \u00e0 Amiens et une licence de communication \u00e0 Roubaix.<\/span><\/p><p>J&rsquo;ai pu acqu\u00e9rir diverses comp\u00e9tences artistiques et techniques mais surtout de mise en valeur photographique, je partage sur ce site mes travaux et projets photographiques.<\/p><p>Je suis photographe sp\u00e9cialis\u00e9e dans les photographies d&rsquo;int\u00e9rieurs de maison, de loft, d&rsquo;appartement, o\u00f9 mettre en valeur et en lumi\u00e8re vos biens est pour moi une priorit\u00e9.<\/p><p>Je r\u00e9alise aussi des photographies ,\u00a0 reportages, \u00e9v\u00e9nementiel,\u00a0 life style et portrait ainsi que de la\u00a0 mise en valeur de produit.<\/p><p>Je reste \u00e0 votre disposition pour la moindre information. N&rsquo;h\u00e9sitez pas \u00e0 me contacter pour vos prochaines r\u00e9alisations.<\/p><p>Photographiquement v\u00f4tre,<\/p><p>Camille Godard<\/p><h6 style=\"text-align: center;\">\u00a0<\/h6><\/div>\n\t\t\t\t<\/div>\n\t\t\t\t<\/div>\n\t\t\t\t\t\t<\/div>\n\t\t\t<\/div>\n\t\t<\/div>\n\t\t\t\t\t\t<\/div>\n\t\t\t<\/div>\n\t\t<\/section>\n\t\t\t\t\t\t<\/div>\n\t\t\t<\/div>\n\t\t<\/div>\n\t\t","protected":false},"excerpt":{"rendered":"<p>\u00a0 \u00a0 \u00a0 \u00a0 Photographe, dipl\u00f4m\u00e9e de\u00a0 BTS Photographie en 2016 au lyc\u00e9e Saint Vincent de Paul au Havre, ayant poursuivie avec une Licence d&rsquo;arts plastiques \u00e0 Amiens et une licence de communication \u00e0 Roubaix. J&rsquo;ai pu acqu\u00e9rir diverses comp\u00e9tences artistiques et techniques mais surtout de mise en valeur photographique, je partage sur ce site <a class=\"read-more\" href=\"https:\/\/camillegodard.com\/index.php\/a-propos\/\">Read More<\/a><\/p>\n","protected":false},"author":1,"featured_media":0,"parent":0,"menu_order":0,"comment_status":"closed","ping_status":"closed","template":"","meta":[],"_links":{"self":[{"href":"https:\/\/camillegodard.com\/index.php\/wp-json\/wp\/v2\/pages\/101"}],"collection":[{"href":"https:\/\/camillegodard.com\/index.php\/wp-json\/wp\/v2\/pages"}],"about":[{"href":"https:\/\/camillegodard.com\/index.php\/wp-json\/wp\/v2\/types\/page"}],"author":[{"embeddable":true,"href":"https:\/\/camillegodard.com\/index.php\/wp-json\/wp\/v2\/users\/1"}],"replies":[{"embeddable":true,"href":"https:\/\/camillegodard.com\/index.php\/wp-json\/wp\/v2\/comments?post=101"}],"version-history":[{"count":15,"href":"https:\/\/camillegodard.com\/index.php\/wp-json\/wp\/v2\/pages\/101\/revisions"}],"predecessor-version":[{"id":870,"href":"https:\/\/camillegodard.com\/index.php\/wp-json\/wp\/v2\/pages\/101\/revisions\/870"}],"wp:attachment":[{"href":"https:\/\/camillegodard.com\/index.php\/wp-json\/wp\/v2\/media?parent=101"}],"curies":[{"name":"wp","href":"https:\/\/api.w.org\/{rel}","templated":true}]}}